{"id":345,"date":"2025-07-25T18:03:12","date_gmt":"2025-07-25T18:03:12","guid":{"rendered":"https:\/\/rogeriocunha.adv.br\/site\/?page_id=345"},"modified":"2025-10-02T14:09:48","modified_gmt":"2025-10-02T14:09:48","slug":"direito-imobiliario","status":"publish","type":"page","link":"https:\/\/rogeriocunha.adv.br\/site\/direito-imobiliario\/","title":{"rendered":"Direito Imobili\u00e1rio"},"content":{"rendered":"\t\t<div data-elementor-type=\"wp-page\" data-elementor-id=\"345\" class=\"elementor elementor-345\" data-elementor-settings=\"{&quot;ha_cmc_init_switcher&quot;:&quot;no&quot;}\" data-elementor-post-type=\"page\">\n\t\t\t\t<div class=\"elementor-element elementor-element-1727656 e-con-full e-flex e-con e-parent\" data-id=\"1727656\" data-element_type=\"container\" data-e-type=\"container\" data-settings=\"{&quot;background_background&quot;:&quot;gradient&quot;,&quot;_ha_eqh_enable&quot;:false,&quot;ekit_has_onepagescroll_dot&quot;:&quot;yes&quot;}\">\n\t\t<div class=\"elementor-element elementor-element-5e9b7e7 e-con-full e-flex e-con e-child\" data-id=\"5e9b7e7\" data-element_type=\"container\" data-e-type=\"container\" data-settings=\"{&quot;_ha_eqh_enable&quot;:false,&quot;ekit_has_onepagescroll_dot&quot;:&quot;yes&quot;}\">\n\t\t<div class=\"elementor-element elementor-element-7228973 e-con-full e-flex e-con e-child\" data-id=\"7228973\" data-element_type=\"container\" data-e-type=\"container\" data-settings=\"{&quot;_ha_eqh_enable&quot;:false,&quot;ekit_has_onepagescroll_dot&quot;:&quot;yes&quot;}\">\n\t\t\t\t<div class=\"elementor-element elementor-element-eb767b1 elementor-widget elementor-widget-heading\" data-id=\"eb767b1\" data-element_type=\"widget\" data-e-type=\"widget\" data-settings=\"{&quot;ekit_we_effect_on&quot;:&quot;none&quot;}\" data-widget_type=\"heading.default\">\n\t\t\t\t\t<h2 class=\"elementor-heading-title elementor-size-default\">Seguran\u00e7a jur\u00eddica nas rela\u00e7\u00f5es imobili\u00e1rias<\/h2>\t\t\t\t<\/div>\n\t\t\t\t<div class=\"elementor-element elementor-element-78295ac elementor-widget elementor-widget-text-editor\" data-id=\"78295ac\" data-element_type=\"widget\" data-e-type=\"widget\" data-settings=\"{&quot;ekit_we_effect_on&quot;:&quot;none&quot;}\" data-widget_type=\"text-editor.default\">\n\t\t\t\t\t\t\t\t\t<p>Atuamos para garantir seguran\u00e7a, regularidade e valoriza\u00e7\u00e3o do patrim\u00f4nio imobili\u00e1rio, com foco na preven\u00e7\u00e3o de lit\u00edgios e na resolu\u00e7\u00e3o eficiente de conflitos, especialmente por vias extrajudiciais.<\/p>\t\t\t\t\t\t\t\t<\/div>\n\t\t\t\t<div class=\"elementor-element elementor-element-c0f82c4 elementor-widget elementor-widget-spacer\" data-id=\"c0f82c4\" data-element_type=\"widget\" data-e-type=\"widget\" data-settings=\"{&quot;ekit_we_effect_on&quot;:&quot;none&quot;}\" data-widget_type=\"spacer.default\">\n\t\t\t\t\t\t\t<div class=\"elementor-spacer\">\n\t\t\t<div class=\"elementor-spacer-inner\"><\/div>\n\t\t<\/div>\n\t\t\t\t\t\t<\/div>\n\t\t\t\t<\/div>\n\t\t\t\t<\/div>\n\t\t\t\t<\/div>\n\t\t<div class=\"elementor-element elementor-element-1b3bfc4 e-con-full e-flex e-con e-parent\" data-id=\"1b3bfc4\" data-element_type=\"container\" data-e-type=\"container\" data-settings=\"{&quot;_ha_eqh_enable&quot;:false,&quot;ekit_has_onepagescroll_dot&quot;:&quot;yes&quot;}\">\n\t\t<div class=\"elementor-element elementor-element-23e2223 e-con-full e-flex e-con e-child\" data-id=\"23e2223\" data-element_type=\"container\" data-e-type=\"container\" data-settings=\"{&quot;_ha_eqh_enable&quot;:false,&quot;ekit_has_onepagescroll_dot&quot;:&quot;yes&quot;}\">\n\t\t<div class=\"elementor-element elementor-element-8fce34a e-con-full e-flex e-con e-child\" data-id=\"8fce34a\" data-element_type=\"container\" data-e-type=\"container\" data-settings=\"{&quot;_ha_eqh_enable&quot;:false,&quot;ekit_has_onepagescroll_dot&quot;:&quot;yes&quot;}\">\n\t\t\t\t<div class=\"elementor-element elementor-element-ddba692 elementor-widget elementor-widget-elementskit-heading\" data-id=\"ddba692\" data-element_type=\"widget\" data-e-type=\"widget\" data-settings=\"{&quot;ekit_we_effect_on&quot;:&quot;none&quot;}\" data-widget_type=\"elementskit-heading.default\">\n\t\t\t\t\t<div class=\"ekit-wid-con\" ><div class=\"ekit-heading elementskit-section-title-wraper text_left   ekit_heading_tablet-   ekit_heading_mobile-\"><h2 class=\"ekit-heading--title elementskit-section-title  ekit-heading__title-has-border start\">Atua\u00e7\u00e3o jur\u00eddica especializada em Direito Imobili\u00e1rio Extrajudicial<\/h2><\/div><\/div>\t\t\t\t<\/div>\n\t\t\t\t<div class=\"elementor-element elementor-element-6eb9e9b elementor-widget elementor-widget-text-editor\" data-id=\"6eb9e9b\" data-element_type=\"widget\" data-e-type=\"widget\" data-settings=\"{&quot;ekit_we_effect_on&quot;:&quot;none&quot;}\" data-widget_type=\"text-editor.default\">\n\t\t\t\t\t\t\t\t\t<p data-start=\"537\" data-end=\"918\">O escrit\u00f3rio Rog\u00e9rio Cunha Advocacia oferece assessoria completa em Direito Imobili\u00e1rio, com aten\u00e7\u00e3o especial \u00e0 via extrajudicial, cada vez mais valorizada por sua agilidade, economia e efici\u00eancia. Atuamos desde a fase de planejamento at\u00e9 a efetiva regulariza\u00e7\u00e3o de im\u00f3veis urbanos e rurais, com o objetivo de garantir seguran\u00e7a jur\u00eddica e evitar demandas judiciais desnecess\u00e1rias.<\/p><p data-start=\"920\" data-end=\"960\">Entre os servi\u00e7os mais frequentes est\u00e3o:<\/p>\t\t\t\t\t\t\t\t<\/div>\n\t\t<div class=\"elementor-element elementor-element-4177c9a e-con-full e-flex e-con e-child\" data-id=\"4177c9a\" data-element_type=\"container\" data-e-type=\"container\" data-settings=\"{&quot;_ha_eqh_enable&quot;:false,&quot;ekit_has_onepagescroll_dot&quot;:&quot;yes&quot;}\">\n\t\t<div class=\"elementor-element elementor-element-3322692 e-con-full e-flex e-con e-child\" data-id=\"3322692\" data-element_type=\"container\" data-e-type=\"container\" data-settings=\"{&quot;background_background&quot;:&quot;classic&quot;,&quot;_ha_eqh_enable&quot;:false,&quot;ekit_has_onepagescroll_dot&quot;:&quot;yes&quot;}\">\n\t\t\t\t<div class=\"elementor-element elementor-element-f441edb elementor-icon-list--layout-traditional elementor-list-item-link-full_width elementor-widget elementor-widget-icon-list\" data-id=\"f441edb\" data-element_type=\"widget\" data-e-type=\"widget\" data-settings=\"{&quot;ekit_we_effect_on&quot;:&quot;none&quot;}\" data-widget_type=\"icon-list.default\">\n\t\t\t\t\t\t\t<ul class=\"elementor-icon-list-items\">\n\t\t\t\t\t\t\t<li class=\"elementor-icon-list-item\">\n\t\t\t\t\t\t\t\t\t\t\t<span class=\"elementor-icon-list-icon\">\n\t\t\t\t\t\t\t<i aria-hidden=\"true\" class=\"unisolid unisolid-check-square\"><\/i>\t\t\t\t\t\t<\/span>\n\t\t\t\t\t\t\t\t\t\t<span class=\"elementor-icon-list-text\">Regulariza\u00e7\u00e3o de im\u00f3veis em cart\u00f3rio (registro, averba\u00e7\u00e3o, unifica\u00e7\u00e3o, desmembramento)<\/span>\n\t\t\t\t\t\t\t\t\t<\/li>\n\t\t\t\t\t\t\t\t<li class=\"elementor-icon-list-item\">\n\t\t\t\t\t\t\t\t\t\t\t<span class=\"elementor-icon-list-icon\">\n\t\t\t\t\t\t\t<i aria-hidden=\"true\" class=\"unisolid unisolid-check-square\"><\/i>\t\t\t\t\t\t<\/span>\n\t\t\t\t\t\t\t\t\t\t<span class=\"elementor-icon-list-text\">Usucapi\u00e3o extrajudicial \u2013 instru\u00e7\u00e3o completa do procedimento perante o cart\u00f3rio de registro de im\u00f3veis<\/span>\n\t\t\t\t\t\t\t\t\t<\/li>\n\t\t\t\t\t\t\t\t<li class=\"elementor-icon-list-item\">\n\t\t\t\t\t\t\t\t\t\t\t<span class=\"elementor-icon-list-icon\">\n\t\t\t\t\t\t\t<i aria-hidden=\"true\" class=\"unisolid unisolid-check-square\"><\/i>\t\t\t\t\t\t<\/span>\n\t\t\t\t\t\t\t\t\t\t<span class=\"elementor-icon-list-text\">Invent\u00e1rio e partilha extrajudicial \u2013 quando h\u00e1 consenso entre os herdeiros e aus\u00eancia de testamento<\/span>\n\t\t\t\t\t\t\t\t\t<\/li>\n\t\t\t\t\t\t\t\t<li class=\"elementor-icon-list-item\">\n\t\t\t\t\t\t\t\t\t\t\t<span class=\"elementor-icon-list-icon\">\n\t\t\t\t\t\t\t<i aria-hidden=\"true\" class=\"unisolid unisolid-check-square\"><\/i>\t\t\t\t\t\t<\/span>\n\t\t\t\t\t\t\t\t\t\t<span class=\"elementor-icon-list-text\">Formaliza\u00e7\u00e3o de contratos imobili\u00e1rios (compra e venda, doa\u00e7\u00e3o, comodato, promessa de venda, permuta)<\/span>\n\t\t\t\t\t\t\t\t\t<\/li>\n\t\t\t\t\t\t\t\t<li class=\"elementor-icon-list-item\">\n\t\t\t\t\t\t\t\t\t\t\t<span class=\"elementor-icon-list-icon\">\n\t\t\t\t\t\t\t<i aria-hidden=\"true\" class=\"unisolid unisolid-check-square\"><\/i>\t\t\t\t\t\t<\/span>\n\t\t\t\t\t\t\t\t\t\t<span class=\"elementor-icon-list-text\">Revis\u00e3o de cl\u00e1usulas e termos contratuais \u2013 prevenindo lit\u00edgios entre as partes<\/span>\n\t\t\t\t\t\t\t\t\t<\/li>\n\t\t\t\t\t\t\t\t<li class=\"elementor-icon-list-item\">\n\t\t\t\t\t\t\t\t\t\t\t<span class=\"elementor-icon-list-icon\">\n\t\t\t\t\t\t\t<i aria-hidden=\"true\" class=\"unisolid unisolid-check-square\"><\/i>\t\t\t\t\t\t<\/span>\n\t\t\t\t\t\t\t\t\t\t<span class=\"elementor-icon-list-text\">Assessoria em escrituras p\u00fablicas e registros<\/span>\n\t\t\t\t\t\t\t\t\t<\/li>\n\t\t\t\t\t\t\t\t<li class=\"elementor-icon-list-item\">\n\t\t\t\t\t\t\t\t\t\t\t<span class=\"elementor-icon-list-icon\">\n\t\t\t\t\t\t\t<i aria-hidden=\"true\" class=\"unisolid unisolid-check-square\"><\/i>\t\t\t\t\t\t<\/span>\n\t\t\t\t\t\t\t\t\t\t<span class=\"elementor-icon-list-text\">An\u00e1lise de matr\u00edcula e due diligence imobili\u00e1ria \u2013 levantamento de pend\u00eancias e riscos legais<\/span>\n\t\t\t\t\t\t\t\t\t<\/li>\n\t\t\t\t\t\t\t\t<li class=\"elementor-icon-list-item\">\n\t\t\t\t\t\t\t\t\t\t\t<span class=\"elementor-icon-list-icon\">\n\t\t\t\t\t\t\t<i aria-hidden=\"true\" class=\"unisolid unisolid-check-square\"><\/i>\t\t\t\t\t\t<\/span>\n\t\t\t\t\t\t\t\t\t\t<span class=\"elementor-icon-list-text\">Interven\u00e7\u00e3o em disputas de posse ou condom\u00ednio em fase pr\u00e9-litigiosa<\/span>\n\t\t\t\t\t\t\t\t\t<\/li>\n\t\t\t\t\t\t<\/ul>\n\t\t\t\t\t\t<\/div>\n\t\t\t\t<\/div>\n\t\t\t\t<\/div>\n\t\t\t\t<div class=\"elementor-element elementor-element-78a7dd6 elementor-widget elementor-widget-text-editor\" data-id=\"78a7dd6\" data-element_type=\"widget\" data-e-type=\"widget\" data-settings=\"{&quot;ekit_we_effect_on&quot;:&quot;none&quot;}\" data-widget_type=\"text-editor.default\">\n\t\t\t\t\t\t\t\t\t<p data-start=\"537\" data-end=\"918\">O apoio jur\u00eddico \u00e9 essencial para <strong data-start=\"2350\" data-end=\"2398\">regularizar o bem e evitar problemas futuros<\/strong>, especialmente em neg\u00f3cios imobili\u00e1rios de alto valor ou com m\u00faltiplas partes envolvidas. Nossa equipe est\u00e1 preparada para atuar com rapidez e precis\u00e3o, sempre priorizando a <strong data-start=\"2573\" data-end=\"2630\">solu\u00e7\u00e3o extrajudicial como primeira via de resolu\u00e7\u00e3o.<\/strong><\/p>\t\t\t\t\t\t\t\t<\/div>\n\t\t\t\t<\/div>\n\t\t\t\t<\/div>\n\t\t\t\t<\/div>\n\t\t<div class=\"elementor-element elementor-element-32d92ac e-con-full e-flex e-con e-parent\" data-id=\"32d92ac\" data-element_type=\"container\" data-e-type=\"container\" data-settings=\"{&quot;background_background&quot;:&quot;classic&quot;,&quot;_ha_eqh_enable&quot;:false,&quot;ekit_has_onepagescroll_dot&quot;:&quot;yes&quot;}\">\n\t\t<div class=\"elementor-element elementor-element-092d048 e-flex e-con-boxed e-con e-child\" data-id=\"092d048\" data-element_type=\"container\" data-e-type=\"container\" data-settings=\"{&quot;_ha_eqh_enable&quot;:false,&quot;ekit_has_onepagescroll_dot&quot;:&quot;yes&quot;}\">\n\t\t\t\t\t<div class=\"e-con-inner\">\n\t\t<div class=\"elementor-element elementor-element-f5ab92d e-con-full e-flex e-con e-child\" data-id=\"f5ab92d\" data-element_type=\"container\" data-e-type=\"container\" data-settings=\"{&quot;_ha_eqh_enable&quot;:false,&quot;ekit_has_onepagescroll_dot&quot;:&quot;yes&quot;}\">\n\t\t\t\t<div class=\"elementor-element elementor-element-4dad65b elementor-widget elementor-widget-elementskit-heading\" data-id=\"4dad65b\" data-element_type=\"widget\" data-e-type=\"widget\" data-settings=\"{&quot;ekit_we_effect_on&quot;:&quot;none&quot;}\" data-widget_type=\"elementskit-heading.default\">\n\t\t\t\t\t<div class=\"ekit-wid-con\" ><div class=\"ekit-heading elementskit-section-title-wraper text_left   ekit_heading_tablet-   ekit_heading_mobile-\"><h2 class=\"ekit-heading--title elementskit-section-title  ekit-heading__title-has-border start\">Ficou com alguma d\u00favida?<\/h2><h3 class=\"ekit-heading--subtitle elementskit-section-subtitle  \">\n\t\t\t\t\t\tEntre em contato e fale com o advogado\n\t\t\t\t\t<\/h3><\/div><\/div>\t\t\t\t<\/div>\n\t\t\t\t<div class=\"elementor-element elementor-element-5fa1f86 elementor-position-inline-start elementor-view-default elementor-mobile-position-block-start elementor-widget elementor-widget-icon-box\" data-id=\"5fa1f86\" data-element_type=\"widget\" data-e-type=\"widget\" data-settings=\"{&quot;ekit_we_effect_on&quot;:&quot;none&quot;}\" data-widget_type=\"icon-box.default\">\n\t\t\t\t\t\t\t<div class=\"elementor-icon-box-wrapper\">\n\n\t\t\t\t\t\t<div class=\"elementor-icon-box-icon\">\n\t\t\t\t<span  class=\"elementor-icon\">\n\t\t\t\t<i aria-hidden=\"true\" class=\"phl phlight-buildings\"><\/i>\t\t\t\t<\/span>\n\t\t\t<\/div>\n\t\t\t\n\t\t\t\t\t\t<div class=\"elementor-icon-box-content\">\n\n\t\t\t\t\t\t\t\t\t<h3 class=\"elementor-icon-box-title\">\n\t\t\t\t\t\t<span  >\n\t\t\t\t\t\t\tPara\u00edba\t\t\t\t\t\t<\/span>\n\t\t\t\t\t<\/h3>\n\t\t\t\t\n\t\t\t\t\t\t\t\t\t<p class=\"elementor-icon-box-description\">\n\t\t\t\t\t\tRua Quintino Bocaiuva, 124 - Torre<\/br>\nJo\u00e3o Pessoa - CEP: 58013-340\t\t\t\t\t<\/p>\n\t\t\t\t\n\t\t\t<\/div>\n\t\t\t\n\t\t<\/div>\n\t\t\t\t\t\t<\/div>\n\t\t\t\t<div class=\"elementor-element elementor-element-a396ab5 elementor-position-inline-start elementor-view-default elementor-mobile-position-block-start elementor-widget elementor-widget-icon-box\" data-id=\"a396ab5\" data-element_type=\"widget\" data-e-type=\"widget\" data-settings=\"{&quot;ekit_we_effect_on&quot;:&quot;none&quot;}\" data-widget_type=\"icon-box.default\">\n\t\t\t\t\t\t\t<div class=\"elementor-icon-box-wrapper\">\n\n\t\t\t\t\t\t<div class=\"elementor-icon-box-icon\">\n\t\t\t\t<span  class=\"elementor-icon\">\n\t\t\t\t<i aria-hidden=\"true\" class=\"mdi mdi-phone-outgoing\"><\/i>\t\t\t\t<\/span>\n\t\t\t<\/div>\n\t\t\t\n\t\t\t\t\t\t<div class=\"elementor-icon-box-content\">\n\n\t\t\t\t\t\t\t\t\t<h3 class=\"elementor-icon-box-title\">\n\t\t\t\t\t\t<span  >\n\t\t\t\t\t\t\tLigue agora!\t\t\t\t\t\t<\/span>\n\t\t\t\t\t<\/h3>\n\t\t\t\t\n\t\t\t\t\t\t\t\t\t<p class=\"elementor-icon-box-description\">\n\t\t\t\t\t\t+55 83 3508-8440\t\t\t\t\t<\/p>\n\t\t\t\t\n\t\t\t<\/div>\n\t\t\t\n\t\t<\/div>\n\t\t\t\t\t\t<\/div>\n\t\t\t\t<\/div>\n\t\t<div class=\"elementor-element elementor-element-be5ead2 e-con-full e-flex e-con e-child\" data-id=\"be5ead2\" data-element_type=\"container\" data-e-type=\"container\" data-settings=\"{&quot;_ha_eqh_enable&quot;:false,&quot;ekit_has_onepagescroll_dot&quot;:&quot;yes&quot;}\">\n\t\t\t\t<div class=\"elementor-element elementor-element-e67c6ea elementor-button-align-stretch elementor-widget elementor-widget-form\" data-id=\"e67c6ea\" data-element_type=\"widget\" data-e-type=\"widget\" data-settings=\"{&quot;step_next_label&quot;:&quot;Pr\\u00f3ximo&quot;,&quot;step_previous_label&quot;:&quot;Anterior&quot;,&quot;button_width&quot;:&quot;100&quot;,&quot;step_type&quot;:&quot;number_text&quot;,&quot;step_icon_shape&quot;:&quot;circle&quot;,&quot;ekit_we_effect_on&quot;:&quot;none&quot;}\" data-widget_type=\"form.default\">\n\t\t\t\t\t\t\t<form class=\"elementor-form\" method=\"post\" name=\"Novo formul\u00e1rio\" aria-label=\"Novo formul\u00e1rio\">\n\t\t\t<input type=\"hidden\" name=\"post_id\" value=\"345\"\/>\n\t\t\t<input type=\"hidden\" name=\"form_id\" value=\"e67c6ea\"\/>\n\t\t\t<input type=\"hidden\" name=\"referer_title\" value=\"Direito Imobili\u00e1rio - Novo site\" \/>\n\n\t\t\t\t\t\t\t<input type=\"hidden\" name=\"queried_id\" value=\"345\"\/>\n\t\t\t\n\t\t\t<div class=\"elementor-form-fields-wrapper elementor-labels-\">\n\t\t\t\t\t\t\t\t<div class=\"elementor-field-type-text elementor-field-group elementor-column elementor-field-group-name elementor-col-100\">\n\t\t\t\t\t\t\t\t\t\t\t\t<label for=\"form-field-name\" class=\"elementor-field-label elementor-screen-only\">\n\t\t\t\t\t\t\t\tNome\t\t\t\t\t\t\t<\/label>\n\t\t\t\t\t\t\t\t\t\t\t\t\t\t<input size=\"1\" type=\"text\" name=\"form_fields[name]\" id=\"form-field-name\" class=\"elementor-field elementor-size-sm  elementor-field-textual\" placeholder=\"Nome\">\n\t\t\t\t\t\t\t\t\t\t\t<\/div>\n\t\t\t\t\t\t\t\t<div class=\"elementor-field-type-tel elementor-field-group elementor-column elementor-field-group-email elementor-col-50 elementor-field-required\">\n\t\t\t\t\t\t\t\t\t\t\t\t<label for=\"form-field-email\" class=\"elementor-field-label elementor-screen-only\">\n\t\t\t\t\t\t\t\tWhatsapp\t\t\t\t\t\t\t<\/label>\n\t\t\t\t\t\t\t\t<input size=\"1\" type=\"tel\" name=\"form_fields[email]\" id=\"form-field-email\" class=\"elementor-field elementor-size-sm  elementor-field-textual\" placeholder=\"Whatsapp\" required=\"required\" pattern=\"[0-9()#&amp;+*-=.]+\" title=\"Apenas n\u00fameros e caracteres de telefone (#, -, *, etc.) s\u00e3o aceitos.\">\n\n\t\t\t\t\t\t<\/div>\n\t\t\t\t\t\t\t\t<div class=\"elementor-field-type-email elementor-field-group elementor-column elementor-field-group-field_029a123 elementor-col-50 elementor-field-required\">\n\t\t\t\t\t\t\t\t\t\t\t\t<label for=\"form-field-field_029a123\" class=\"elementor-field-label elementor-screen-only\">\n\t\t\t\t\t\t\t\tE-mail\t\t\t\t\t\t\t<\/label>\n\t\t\t\t\t\t\t\t\t\t\t\t\t\t<input size=\"1\" type=\"email\" name=\"form_fields[field_029a123]\" id=\"form-field-field_029a123\" class=\"elementor-field elementor-size-sm  elementor-field-textual\" placeholder=\"E-mail\" required=\"required\">\n\t\t\t\t\t\t\t\t\t\t\t<\/div>\n\t\t\t\t\t\t\t\t<div class=\"elementor-field-type-textarea elementor-field-group elementor-column elementor-field-group-message elementor-col-100\">\n\t\t\t\t\t\t\t\t\t\t\t\t<label for=\"form-field-message\" class=\"elementor-field-label elementor-screen-only\">\n\t\t\t\t\t\t\t\tMensagem\t\t\t\t\t\t\t<\/label>\n\t\t\t\t\t\t<textarea class=\"elementor-field-textual elementor-field  elementor-size-sm\" name=\"form_fields[message]\" id=\"form-field-message\" rows=\"4\" placeholder=\"Mensagem\"><\/textarea>\t\t\t\t<\/div>\n\t\t\t\t\t\t\t\t<div class=\"elementor-field-group elementor-column elementor-field-type-submit elementor-col-100 e-form__buttons\">\n\t\t\t\t\t<button class=\"elementor-button elementor-size-xl\" type=\"submit\">\n\t\t\t\t\t\t<span class=\"elementor-button-content-wrapper\">\n\t\t\t\t\t\t\t\t\t\t\t\t\t\t\t\t\t\t\t\t\t\t<span class=\"elementor-button-text\">Enviar mensagem<\/span>\n\t\t\t\t\t\t\t\t\t\t\t\t\t<\/span>\n\t\t\t\t\t<\/button>\n\t\t\t\t<\/div>\n\t\t\t<\/div>\n\t\t<\/form>\n\t\t\t\t\t\t<\/div>\n\t\t\t\t<\/div>\n\t\t\t\t\t<\/div>\n\t\t\t\t<\/div>\n\t\t\t\t<\/div>\n\t\t\t\t<\/div>\n\t\t","protected":false},"excerpt":{"rendered":"<p>Seguran\u00e7a jur\u00eddica nas rela\u00e7\u00f5es imobili\u00e1rias Atuamos para garantir seguran\u00e7a, regularidade e valoriza\u00e7\u00e3o do patrim\u00f4nio imobili\u00e1rio, com foco na preven\u00e7\u00e3o de lit\u00edgios e na resolu\u00e7\u00e3o eficiente de conflitos, especialmente por vias extrajudiciais. Atua\u00e7\u00e3o jur\u00eddica especializada em Direito Imobili\u00e1rio Extrajudicial O escrit\u00f3rio Rog\u00e9rio Cunha Advocacia oferece assessoria completa em Direito Imobili\u00e1rio, com aten\u00e7\u00e3o especial \u00e0 via extrajudicial, [&hellip;]<\/p>\n","protected":false},"author":1,"featured_media":0,"parent":0,"menu_order":0,"comment_status":"closed","ping_status":"closed","template":"elementor_canvas","meta":{"footnotes":""},"class_list":["post-345","page","type-page","status-publish","hentry"],"yoast_head":"<!-- This site is optimized with the Yoast SEO plugin v27.4 - https:\/\/yoast.com\/product\/yoast-seo-wordpress\/ -->\n<title>Direito Imobili\u00e1rio - Novo site<\/title>\n<meta name=\"robots\" content=\"index, follow, max-snippet:-1, max-image-preview:large, max-video-preview:-1\" \/>\n<link rel=\"canonical\" href=\"https:\/\/rogeriocunha.adv.br\/site\/direito-imobiliario\/\" \/>\n<meta property=\"og:locale\" content=\"pt_BR\" \/>\n<meta property=\"og:type\" content=\"article\" \/>\n<meta property=\"og:title\" content=\"Direito Imobili\u00e1rio - Novo site\" \/>\n<meta property=\"og:description\" content=\"Seguran\u00e7a jur\u00eddica nas rela\u00e7\u00f5es imobili\u00e1rias Atuamos para garantir seguran\u00e7a, regularidade e valoriza\u00e7\u00e3o do patrim\u00f4nio imobili\u00e1rio, com foco na preven\u00e7\u00e3o de lit\u00edgios e na resolu\u00e7\u00e3o eficiente de conflitos, especialmente por vias extrajudiciais. Atua\u00e7\u00e3o jur\u00eddica especializada em Direito Imobili\u00e1rio Extrajudicial O escrit\u00f3rio Rog\u00e9rio Cunha Advocacia oferece assessoria completa em Direito Imobili\u00e1rio, com aten\u00e7\u00e3o especial \u00e0 via extrajudicial, [&hellip;]\" \/>\n<meta property=\"og:url\" content=\"https:\/\/rogeriocunha.adv.br\/site\/direito-imobiliario\/\" \/>\n<meta property=\"og:site_name\" content=\"Novo site\" \/>\n<meta property=\"article:modified_time\" content=\"2025-10-02T14:09:48+00:00\" \/>\n<meta name=\"twitter:card\" content=\"summary_large_image\" \/>\n<meta name=\"twitter:label1\" content=\"Est. tempo de leitura\" \/>\n\t<meta name=\"twitter:data1\" content=\"2 minutos\" \/>\n<script type=\"application\/ld+json\" class=\"yoast-schema-graph\">{\"@context\":\"https:\\\/\\\/schema.org\",\"@graph\":[{\"@type\":\"WebPage\",\"@id\":\"https:\\\/\\\/rogeriocunha.adv.br\\\/site\\\/direito-imobiliario\\\/\",\"url\":\"https:\\\/\\\/rogeriocunha.adv.br\\\/site\\\/direito-imobiliario\\\/\",\"name\":\"Direito Imobili\u00e1rio - Novo site\",\"isPartOf\":{\"@id\":\"https:\\\/\\\/rogeriocunha.adv.br\\\/site\\\/#website\"},\"datePublished\":\"2025-07-25T18:03:12+00:00\",\"dateModified\":\"2025-10-02T14:09:48+00:00\",\"breadcrumb\":{\"@id\":\"https:\\\/\\\/rogeriocunha.adv.br\\\/site\\\/direito-imobiliario\\\/#breadcrumb\"},\"inLanguage\":\"pt-BR\",\"potentialAction\":[{\"@type\":\"ReadAction\",\"target\":[\"https:\\\/\\\/rogeriocunha.adv.br\\\/site\\\/direito-imobiliario\\\/\"]}]},{\"@type\":\"BreadcrumbList\",\"@id\":\"https:\\\/\\\/rogeriocunha.adv.br\\\/site\\\/direito-imobiliario\\\/#breadcrumb\",\"itemListElement\":[{\"@type\":\"ListItem\",\"position\":1,\"name\":\"In\u00edcio\",\"item\":\"https:\\\/\\\/rogeriocunha.adv.br\\\/site\\\/\"},{\"@type\":\"ListItem\",\"position\":2,\"name\":\"Direito Imobili\u00e1rio\"}]},{\"@type\":\"WebSite\",\"@id\":\"https:\\\/\\\/rogeriocunha.adv.br\\\/site\\\/#website\",\"url\":\"https:\\\/\\\/rogeriocunha.adv.br\\\/site\\\/\",\"name\":\"Novo site\",\"description\":\"\",\"potentialAction\":[{\"@type\":\"SearchAction\",\"target\":{\"@type\":\"EntryPoint\",\"urlTemplate\":\"https:\\\/\\\/rogeriocunha.adv.br\\\/site\\\/?s={search_term_string}\"},\"query-input\":{\"@type\":\"PropertyValueSpecification\",\"valueRequired\":true,\"valueName\":\"search_term_string\"}}],\"inLanguage\":\"pt-BR\"}]}<\/script>\n<!-- \/ Yoast SEO plugin. -->","yoast_head_json":{"title":"Direito Imobili\u00e1rio - Novo site","robots":{"index":"index","follow":"follow","max-snippet":"max-snippet:-1","max-image-preview":"max-image-preview:large","max-video-preview":"max-video-preview:-1"},"canonical":"https:\/\/rogeriocunha.adv.br\/site\/direito-imobiliario\/","og_locale":"pt_BR","og_type":"article","og_title":"Direito Imobili\u00e1rio - Novo site","og_description":"Seguran\u00e7a jur\u00eddica nas rela\u00e7\u00f5es imobili\u00e1rias Atuamos para garantir seguran\u00e7a, regularidade e valoriza\u00e7\u00e3o do patrim\u00f4nio imobili\u00e1rio, com foco na preven\u00e7\u00e3o de lit\u00edgios e na resolu\u00e7\u00e3o eficiente de conflitos, especialmente por vias extrajudiciais. Atua\u00e7\u00e3o jur\u00eddica especializada em Direito Imobili\u00e1rio Extrajudicial O escrit\u00f3rio Rog\u00e9rio Cunha Advocacia oferece assessoria completa em Direito Imobili\u00e1rio, com aten\u00e7\u00e3o especial \u00e0 via extrajudicial, [&hellip;]","og_url":"https:\/\/rogeriocunha.adv.br\/site\/direito-imobiliario\/","og_site_name":"Novo site","article_modified_time":"2025-10-02T14:09:48+00:00","twitter_card":"summary_large_image","twitter_misc":{"Est. tempo de leitura":"2 minutos"},"schema":{"@context":"https:\/\/schema.org","@graph":[{"@type":"WebPage","@id":"https:\/\/rogeriocunha.adv.br\/site\/direito-imobiliario\/","url":"https:\/\/rogeriocunha.adv.br\/site\/direito-imobiliario\/","name":"Direito Imobili\u00e1rio - Novo site","isPartOf":{"@id":"https:\/\/rogeriocunha.adv.br\/site\/#website"},"datePublished":"2025-07-25T18:03:12+00:00","dateModified":"2025-10-02T14:09:48+00:00","breadcrumb":{"@id":"https:\/\/rogeriocunha.adv.br\/site\/direito-imobiliario\/#breadcrumb"},"inLanguage":"pt-BR","potentialAction":[{"@type":"ReadAction","target":["https:\/\/rogeriocunha.adv.br\/site\/direito-imobiliario\/"]}]},{"@type":"BreadcrumbList","@id":"https:\/\/rogeriocunha.adv.br\/site\/direito-imobiliario\/#breadcrumb","itemListElement":[{"@type":"ListItem","position":1,"name":"In\u00edcio","item":"https:\/\/rogeriocunha.adv.br\/site\/"},{"@type":"ListItem","position":2,"name":"Direito Imobili\u00e1rio"}]},{"@type":"WebSite","@id":"https:\/\/rogeriocunha.adv.br\/site\/#website","url":"https:\/\/rogeriocunha.adv.br\/site\/","name":"Novo site","description":"","potentialAction":[{"@type":"SearchAction","target":{"@type":"EntryPoint","urlTemplate":"https:\/\/rogeriocunha.adv.br\/site\/?s={search_term_string}"},"query-input":{"@type":"PropertyValueSpecification","valueRequired":true,"valueName":"search_term_string"}}],"inLanguage":"pt-BR"}]}},"_links":{"self":[{"href":"https:\/\/rogeriocunha.adv.br\/site\/wp-json\/wp\/v2\/pages\/345","targetHints":{"allow":["GET"]}}],"collection":[{"href":"https:\/\/rogeriocunha.adv.br\/site\/wp-json\/wp\/v2\/pages"}],"about":[{"href":"https:\/\/rogeriocunha.adv.br\/site\/wp-json\/wp\/v2\/types\/page"}],"author":[{"embeddable":true,"href":"https:\/\/rogeriocunha.adv.br\/site\/wp-json\/wp\/v2\/users\/1"}],"replies":[{"embeddable":true,"href":"https:\/\/rogeriocunha.adv.br\/site\/wp-json\/wp\/v2\/comments?post=345"}],"version-history":[{"count":13,"href":"https:\/\/rogeriocunha.adv.br\/site\/wp-json\/wp\/v2\/pages\/345\/revisions"}],"predecessor-version":[{"id":542,"href":"https:\/\/rogeriocunha.adv.br\/site\/wp-json\/wp\/v2\/pages\/345\/revisions\/542"}],"wp:attachment":[{"href":"https:\/\/rogeriocunha.adv.br\/site\/wp-json\/wp\/v2\/media?parent=345"}],"curies":[{"name":"wp","href":"https:\/\/api.w.org\/{rel}","templated":true}]}}